{"id":6823,"date":"2020-10-19T18:37:24","date_gmt":"2020-10-19T20:37:24","guid":{"rendered":"https:\/\/dancarmarketing.com.br\/?page_id=6823"},"modified":"2021-02-08T15:54:19","modified_gmt":"2021-02-08T17:54:19","slug":"doacoes","status":"publish","type":"page","link":"https:\/\/www.dancarmarketing.com.br\/en\/doacoes\/","title":{"rendered":"DONATIONS"},"content":{"rendered":"<div class=\"wp-block-columns has-2-columns\">\n<p style=\"text-align: center;\"><img loading=\"lazy\" class=\"alignnone wp-image-7216 \" src=\"https:\/\/dancarmarketing.com.br\/wp-content\/uploads\/2021\/02\/Dancar-40-Years-1280x520.png\" alt=\"\" width=\"453\" height=\"184\" srcset=\"https:\/\/www.dancarmarketing.com.br\/wp-content\/uploads\/2021\/02\/Dancar-40-Years-1280x520.png 1280w, https:\/\/www.dancarmarketing.com.br\/wp-content\/uploads\/2021\/02\/Dancar-40-Years-1920x780.png 1920w, https:\/\/www.dancarmarketing.com.br\/wp-content\/uploads\/2021\/02\/Dancar-40-Years-400x163.png 400w, https:\/\/www.dancarmarketing.com.br\/wp-content\/uploads\/2021\/02\/Dancar-40-Years-768x312.png 768w, https:\/\/www.dancarmarketing.com.br\/wp-content\/uploads\/2021\/02\/Dancar-40-Years-1536x624.png 1536w, https:\/\/www.dancarmarketing.com.br\/wp-content\/uploads\/2021\/02\/Dancar-40-Years-2048x832.png 2048w\" sizes=\"(max-width: 453px) 100vw, 453px\" \/><\/p>\n<p style=\"color: #a8192d; font-size: 21px; text-align: center;\">DONATIONS BANK ACCOUNT<\/p>\n<p style=\"text-align: center; font-weight: bold;\">BANK DEPOSIT OR TRANSFER<\/p>\n<p style=\"text-align: center;\">DAN\u00c7AR MARKETING COMUNICA\u00c7\u00d5ES LTDA<\/p>\n<p style=\"text-align: center;\">CNPJ: 65.935.280\/0001-75<\/p>\n<p style=\"text-align: center;\"><img loading=\"lazy\" class=\"alignnone size-full wp-image-6853\" src=\"https:\/\/dancarmarketing.com.br\/wp-content\/uploads\/2020\/10\/logo-banco-safra.png\" alt=\"\" width=\"auto\" height=\"88\" \/><\/p>\n<p style=\"text-align: center; font-weight: bold;\">Safra Bank (422)<\/p>\n<p style=\"text-align: center;\">Branch: 0200<\/p>\n<p style=\"text-align: center;\">Bank account: 1901-8<\/p>\n<p style=\"text-align: center;\">You can send your receipt to the email <a style=\"font-weight: bold; color: #a8192d;\" href=\"mailto:contato@dancarmarketing.com.br\" target=\"_blank\" rel=\"noopener noreferrer\">contato@dancarmarketing.com.br<\/a> and receive our thanks!<\/p>\n<\/div>\n","protected":false},"excerpt":{"rendered":"<p>DONATIONS BANK ACCOUNT BANK DEPOSIT OR TRANSFER DAN\u00c7AR MARKETING COMUNICA\u00c7\u00d5ES LTDA CNPJ: 65.935.280\/0001-75 Safra Bank (422) Branch: 0200 Bank account: 1901-8 You can send your receipt to the email contato@dancarmarketing.com.br and receive our thanks!<\/p>\n","protected":false},"author":4,"featured_media":0,"parent":0,"menu_order":7,"comment_status":"closed","ping_status":"closed","template":"pagina-white.php","meta":[],"translation":{"provider":"WPGlobus","version":"2.6.5","language":"en","enabled_languages":["br","en"],"languages":{"br":{"title":true,"content":true,"excerpt":false},"en":{"title":true,"content":true,"excerpt":false}}},"yoast_head":"<!-- This site is optimized with the Yoast SEO plugin v15.8 - https:\/\/yoast.com\/wordpress\/plugins\/seo\/ -->\n<title>DONATIONS - DMKT Productions %<\/title>\n<meta name=\"robots\" content=\"index, follow, max-snippet:-1, max-image-preview:large, max-video-preview:-1\" \/>\n<link rel=\"canonical\" href=\"https:\/\/www.dancarmarketing.com.br\/doacoes\/\" \/>\n<meta property=\"og:locale\" content=\"en_US\" \/>\n<meta property=\"og:type\" content=\"article\" \/>\n<meta property=\"og:title\" content=\"DONATIONS - DMKT Productions %\" \/>\n<meta property=\"og:url\" content=\"https:\/\/www.dancarmarketing.com.br\/doacoes\/\" \/>\n<meta property=\"og:site_name\" content=\"DMKT Productions\" \/>\n<meta property=\"article:publisher\" content=\"https:\/\/www.facebook.com\/dancarmarketing\" \/>\n<meta property=\"article:modified_time\" content=\"2021-02-08T17:54:19+00:00\" \/>\n<meta property=\"og:image\" content=\"https:\/\/dancarmarketing.com.br\/wp-content\/uploads\/2021\/02\/DM-40-anos-01-1280x520.png\" \/>\n<meta name=\"twitter:card\" content=\"summary_large_image\" \/>\n<meta name=\"twitter:site\" content=\"@dancarmarketing\" \/>\n<script type=\"application\/ld+json\" class=\"yoast-schema-graph\">{\"@context\":\"https:\/\/schema.org\",\"@graph\":[{\"@type\":\"Organization\",\"@id\":\"https:\/\/dancarmarketing.com.br\/#organization\",\"name\":\"Dan\\u00e7ar Marketing\",\"url\":\"https:\/\/dancarmarketing.com.br\/\",\"sameAs\":[\"https:\/\/www.facebook.com\/dancarmarketing\",\"https:\/\/instagram.com\/dancarmarketing\",\"https:\/\/www.linkedin.com\/company\/2166385\/admin\/\",\"https:\/\/www.youtube.com\/user\/dancarmarketing\",\"https:\/\/twitter.com\/dancarmarketing\"],\"logo\":{\"@type\":\"ImageObject\",\"@id\":\"https:\/\/dancarmarketing.com.br\/#logo\",\"inLanguage\":\"en-US\",\"url\":\"\",\"caption\":\"Dan\\u00e7ar Marketing\"},\"image\":{\"@id\":\"https:\/\/dancarmarketing.com.br\/#logo\"}},{\"@type\":\"WebSite\",\"@id\":\"https:\/\/dancarmarketing.com.br\/#website\",\"url\":\"https:\/\/dancarmarketing.com.br\/\",\"name\":\"DMKT Productions\",\"description\":\"One of the most important agencies of events and cultural projects, Dan\\u00e7ar Marketing has been on this market for 40 years, generating value and setting up reputation for brands, through culture and entertainment.\",\"publisher\":{\"@id\":\"https:\/\/dancarmarketing.com.br\/#organization\"},\"potentialAction\":[{\"@type\":\"SearchAction\",\"target\":\"https:\/\/dancarmarketing.com.br\/?s={search_term_string}\",\"query-input\":\"required name=search_term_string\"}],\"inLanguage\":\"en-US\"},{\"@type\":\"ImageObject\",\"@id\":\"https:\/\/www.dancarmarketing.com.br\/doacoes\/#primaryimage\",\"inLanguage\":\"en-US\",\"url\":\"https:\/\/dancarmarketing.com.br\/wp-content\/uploads\/2021\/02\/DM-40-anos-01-1280x520.png\"},{\"@type\":\"WebPage\",\"@id\":\"https:\/\/www.dancarmarketing.com.br\/doacoes\/#webpage\",\"url\":\"https:\/\/www.dancarmarketing.com.br\/doacoes\/\",\"name\":\"DONATIONS - DMKT Productions %\",\"isPartOf\":{\"@id\":\"https:\/\/dancarmarketing.com.br\/#website\"},\"primaryImageOfPage\":{\"@id\":\"https:\/\/www.dancarmarketing.com.br\/doacoes\/#primaryimage\"},\"datePublished\":\"2020-10-19T20:37:24+00:00\",\"dateModified\":\"2021-02-08T17:54:19+00:00\",\"breadcrumb\":{\"@id\":\"https:\/\/www.dancarmarketing.com.br\/doacoes\/#breadcrumb\"},\"inLanguage\":\"en-US\",\"potentialAction\":[{\"@type\":\"ReadAction\",\"target\":[\"https:\/\/www.dancarmarketing.com.br\/doacoes\/\"]}]},{\"@type\":\"BreadcrumbList\",\"@id\":\"https:\/\/www.dancarmarketing.com.br\/doacoes\/#breadcrumb\",\"itemListElement\":[{\"@type\":\"ListItem\",\"position\":1,\"item\":{\"@type\":\"WebPage\",\"@id\":\"https:\/\/dancarmarketing.com.br\/\",\"url\":\"https:\/\/dancarmarketing.com.br\/\",\"name\":\"In\\u00edcio\"}},{\"@type\":\"ListItem\",\"position\":2,\"item\":{\"@type\":\"WebPage\",\"@id\":\"https:\/\/www.dancarmarketing.com.br\/doacoes\/\",\"url\":\"https:\/\/www.dancarmarketing.com.br\/doacoes\/\",\"name\":\"DOA\\u00c7\\u00d5ES\"}}]}]}<\/script>\n<!-- \/ Yoast SEO plugin. -->","amp_enabled":false,"_links":{"self":[{"href":"https:\/\/www.dancarmarketing.com.br\/en\/wp-json\/wp\/v2\/pages\/6823"}],"collection":[{"href":"https:\/\/www.dancarmarketing.com.br\/en\/wp-json\/wp\/v2\/pages"}],"about":[{"href":"https:\/\/www.dancarmarketing.com.br\/en\/wp-json\/wp\/v2\/types\/page"}],"author":[{"embeddable":true,"href":"https:\/\/www.dancarmarketing.com.br\/en\/wp-json\/wp\/v2\/users\/4"}],"replies":[{"embeddable":true,"href":"https:\/\/www.dancarmarketing.com.br\/en\/wp-json\/wp\/v2\/comments?post=6823"}],"version-history":[{"count":54,"href":"https:\/\/www.dancarmarketing.com.br\/en\/wp-json\/wp\/v2\/pages\/6823\/revisions"}],"predecessor-version":[{"id":8869,"href":"https:\/\/www.dancarmarketing.com.br\/en\/wp-json\/wp\/v2\/pages\/6823\/revisions\/8869"}],"wp:attachment":[{"href":"https:\/\/www.dancarmarketing.com.br\/en\/wp-json\/wp\/v2\/media?parent=6823"}],"curies":[{"name":"wp","href":"https:\/\/api.w.org\/{rel}","templated":true}]}}