{"id":5814,"date":"2020-09-10T10:52:40","date_gmt":"2020-09-10T13:52:40","guid":{"rendered":"http:\/\/dancarmarketing.com.br\/?page_id=5814"},"modified":"2021-02-02T18:24:35","modified_gmt":"2021-02-02T20:24:35","slug":"historico","status":"publish","type":"page","link":"https:\/\/www.dancarmarketing.com.br\/en\/historico\/","title":{"rendered":"Dan\u00e7ar Marketing"},"content":{"rendered":"<div class=\"wp-block-columns has-2-columns\">\n<p>With a history full of pioneering, Dan\u00e7ar Marketing has been driving the Brazilian cultural marketing market for 40 years. The company has established an important milestone for cultural democratization, being the first to hold large open air presentations in the country, such as \u201cConcertos de Vin\u00f3lia\u201d, the largest open air classical music event ever held in Brazil. The project launched Ibirapuera Park as a Sunday morning\u2019s cultural spot, placing it as one of the main stages for major events in S\u00e3o Paulo. The project\u2019s relevance and success also won over the Brazilian media with radio and TV transmissions from channels TV Cultura and TV Bandeirantes. Founded in 1982, since the creation of the first specialized magazine in dance in Latin America &#8211; Dan\u00e7ar Magazine &#8211; the company gathers millions of spectators in its countless events, concerts, shows, tailor-made and social projects. In its portfolio are great international tours of iconic artists such as Andrea Bocelli, Luciano Pavarotti, George Benson, Joss Stone, Diana Krall, Norah Jones, Chris Cornell, Jeff Beck, Richie Sambora among others.<\/p>\n<p>Dan\u00e7ar Marketing has always been at the forefront of designing and conducting projects such as HSBC Music Series, Avon Women in Concert, Cria\u00e7\u00e3o Teatral Volkswagen, Viagem Nestl\u00e9 pela Literatura, AstraZeneca Viva a Cultura!, among others; exhibitions such as Riachuelo Mostra Moda and Samsung Rock Exhibition and festivals such as Telef\u00f4nica Open Jazz, Festival da Padroeira, Samsung e-Festival and Samsung Best of Blues &#8211; which in the last editions presented some of the world\u2019s greatest guitarists in the world like Joe Satriani, Tom Morello and Zakk Wylde.<\/p>\n<\/div>\n","protected":false},"excerpt":{"rendered":"<p>With a history full of pioneering, Dan\u00e7ar Marketing has been driving the Brazilian cultural marketing market for 40 years. The company has established an important milestone for cultural democratization, being the first to hold large open air presentations in the country, such as \u201cConcertos de Vin\u00f3lia\u201d, the largest open air classical music event ever held [&hellip;]<\/p>\n","protected":false},"author":4,"featured_media":3357,"parent":0,"menu_order":63,"comment_status":"closed","ping_status":"closed","template":"pagina-white.php","meta":[],"translation":{"provider":"WPGlobus","version":"2.6.5","language":"en","enabled_languages":["br","en"],"languages":{"br":{"title":true,"content":true,"excerpt":false},"en":{"title":true,"content":true,"excerpt":false}}},"yoast_head":"<!-- This site is optimized with the Yoast SEO plugin v15.8 - https:\/\/yoast.com\/wordpress\/plugins\/seo\/ -->\n<title>Dan\u00e7ar Marketing DMKT Productions<\/title>\n<meta name=\"robots\" content=\"index, follow, max-snippet:-1, max-image-preview:large, max-video-preview:-1\" \/>\n<link rel=\"canonical\" href=\"https:\/\/dancarmarketing.com.br\/en\/historico\/\" \/>\n<meta property=\"og:locale\" content=\"en_US\" \/>\n<meta property=\"og:type\" content=\"article\" \/>\n<meta property=\"og:title\" content=\"Dan\u00e7ar Marketing DMKT Productions\" \/>\n<meta property=\"og:url\" content=\"https:\/\/dancarmarketing.com.br\/en\/historico\/\" \/>\n<meta property=\"og:site_name\" content=\"DMKT Productions\" \/>\n<meta property=\"article:publisher\" content=\"https:\/\/www.facebook.com\/dancarmarketing\" \/>\n<meta property=\"article:modified_time\" content=\"2021-02-02T20:24:35+00:00\" \/>\n<meta property=\"og:image\" content=\"https:\/\/www.dancarmarketing.com.br\/wp-content\/uploads\/2019\/03\/foto-capa-clientes.png\" \/>\n\t<meta property=\"og:image:width\" content=\"1240\" \/>\n\t<meta property=\"og:image:height\" content=\"366\" \/>\n<meta name=\"twitter:card\" content=\"summary_large_image\" \/>\n<meta name=\"twitter:site\" content=\"@dancarmarketing\" \/>\n<meta name=\"twitter:label1\" content=\"Est. reading time\">\n\t<meta name=\"twitter:data1\" content=\"3 minutes\">\n<script type=\"application\/ld+json\" class=\"yoast-schema-graph\">{\"@context\":\"https:\/\/schema.org\",\"@graph\":[{\"@type\":\"Organization\",\"@id\":\"https:\/\/172.31.12.60\/#organization\",\"name\":\"Dan\\u00e7ar Marketing\",\"url\":\"https:\/\/172.31.12.60\/\",\"sameAs\":[\"https:\/\/www.facebook.com\/dancarmarketing\",\"https:\/\/instagram.com\/dancarmarketing\",\"https:\/\/www.linkedin.com\/company\/2166385\/admin\/\",\"https:\/\/www.youtube.com\/user\/dancarmarketing\",\"https:\/\/twitter.com\/dancarmarketing\"],\"logo\":{\"@type\":\"ImageObject\",\"@id\":\"https:\/\/172.31.12.60\/#logo\",\"inLanguage\":\"en-US\",\"url\":\"\",\"caption\":\"Dan\\u00e7ar Marketing\"},\"image\":{\"@id\":\"https:\/\/172.31.12.60\/#logo\"}},{\"@type\":\"WebSite\",\"@id\":\"https:\/\/172.31.12.60\/#website\",\"url\":\"https:\/\/172.31.12.60\/\",\"name\":\"DMKT Productions\",\"description\":\"One of the most important agencies of events and cultural projects, Dan\\u00e7ar Marketing has been on this market for 40 years, generating value and setting up reputation for brands, through culture and entertainment.\",\"publisher\":{\"@id\":\"https:\/\/172.31.12.60\/#organization\"},\"potentialAction\":[{\"@type\":\"SearchAction\",\"target\":\"https:\/\/172.31.12.60\/?s={search_term_string}\",\"query-input\":\"required name=search_term_string\"}],\"inLanguage\":\"en-US\"},{\"@type\":\"ImageObject\",\"@id\":\"https:\/\/dancarmarketing.com.br\/en\/historico\/#primaryimage\",\"inLanguage\":\"en-US\",\"url\":\"https:\/\/www.dancarmarketing.com.br\/wp-content\/uploads\/2019\/03\/foto-capa-clientes.png\",\"width\":1240,\"height\":366},{\"@type\":\"WebPage\",\"@id\":\"https:\/\/dancarmarketing.com.br\/en\/historico\/#webpage\",\"url\":\"https:\/\/dancarmarketing.com.br\/en\/historico\/\",\"name\":\"Dan\\u00e7ar Marketing DMKT Productions\",\"isPartOf\":{\"@id\":\"https:\/\/172.31.12.60\/#website\"},\"primaryImageOfPage\":{\"@id\":\"https:\/\/dancarmarketing.com.br\/en\/historico\/#primaryimage\"},\"datePublished\":\"2020-09-10T13:52:40+00:00\",\"dateModified\":\"2021-02-02T20:24:35+00:00\",\"description\":\"A Dan\\u00e7ar Marketing atua com grandes multinacionais, traduzindo o DNA das marcas de nossos clientes em conte\\u00fado, aproximando marcas e seus p\\u00fablicos de interesse, posicionando-se como formadora de opni\\u00e3o e refer\\u00eancias de conte\\u00fado.\",\"breadcrumb\":{\"@id\":\"https:\/\/dancarmarketing.com.br\/en\/historico\/#breadcrumb\"},\"inLanguage\":\"en-US\",\"potentialAction\":[{\"@type\":\"ReadAction\",\"target\":[\"https:\/\/dancarmarketing.com.br\/en\/historico\/\"]}]},{\"@type\":\"BreadcrumbList\",\"@id\":\"https:\/\/dancarmarketing.com.br\/en\/historico\/#breadcrumb\",\"itemListElement\":[{\"@type\":\"ListItem\",\"position\":1,\"item\":{\"@type\":\"WebPage\",\"@id\":\"https:\/\/172.31.12.60\/\",\"url\":\"https:\/\/172.31.12.60\/\",\"name\":\"In\\u00edcio\"}},{\"@type\":\"ListItem\",\"position\":2,\"item\":{\"@type\":\"WebPage\",\"@id\":\"https:\/\/dancarmarketing.com.br\/en\/historico\/\",\"url\":\"https:\/\/dancarmarketing.com.br\/en\/historico\/\",\"name\":\"Dan\\u00e7ar Marketing\"}}]}]}<\/script>\n<!-- \/ Yoast SEO plugin. -->","amp_enabled":true,"_links":{"self":[{"href":"https:\/\/www.dancarmarketing.com.br\/en\/wp-json\/wp\/v2\/pages\/5814"}],"collection":[{"href":"https:\/\/www.dancarmarketing.com.br\/en\/wp-json\/wp\/v2\/pages"}],"about":[{"href":"https:\/\/www.dancarmarketing.com.br\/en\/wp-json\/wp\/v2\/types\/page"}],"author":[{"embeddable":true,"href":"https:\/\/www.dancarmarketing.com.br\/en\/wp-json\/wp\/v2\/users\/4"}],"replies":[{"embeddable":true,"href":"https:\/\/www.dancarmarketing.com.br\/en\/wp-json\/wp\/v2\/comments?post=5814"}],"version-history":[{"count":10,"href":"https:\/\/www.dancarmarketing.com.br\/en\/wp-json\/wp\/v2\/pages\/5814\/revisions"}],"predecessor-version":[{"id":9021,"href":"https:\/\/www.dancarmarketing.com.br\/en\/wp-json\/wp\/v2\/pages\/5814\/revisions\/9021"}],"wp:featuredmedia":[{"embeddable":true,"href":"https:\/\/www.dancarmarketing.com.br\/en\/wp-json\/wp\/v2\/media\/3357"}],"wp:attachment":[{"href":"https:\/\/www.dancarmarketing.com.br\/en\/wp-json\/wp\/v2\/media?parent=5814"}],"curies":[{"name":"wp","href":"https:\/\/api.w.org\/{rel}","templated":true}]}}